{"id":2283,"date":"2026-02-23T20:56:04","date_gmt":"2026-02-23T19:56:04","guid":{"rendered":"https:\/\/mobilium.hr\/?page_id=2283"},"modified":"2026-02-23T20:59:49","modified_gmt":"2026-02-23T19:59:49","slug":"usluzna-montaza-kupovnog-namjestaja","status":"publish","type":"page","link":"https:\/\/mobilium.hr\/?page_id=2283","title":{"rendered":"Uslu\u017ena monta\u017ea kupovnog namje\u0161taja"},"content":{"rendered":"\t\t<div data-elementor-type=\"wp-page\" data-elementor-id=\"2283\" class=\"elementor elementor-2283\">\n\t\t\t\t<div class=\"elementor-element elementor-element-83c7a74 e-flex e-con-boxed e-con e-parent\" data-id=\"83c7a74\" data-element_type=\"container\" data-e-type=\"container\">\n\t\t\t\t\t<div class=\"e-con-inner\">\n\t\t\t\t<div class=\"elementor-element elementor-element-0ab828c elementor-widget elementor-widget-text-editor\" data-id=\"0ab828c\" data-element_type=\"widget\" data-e-type=\"widget\" data-widget_type=\"text-editor.default\">\n\t\t\t\t\t\t\t\t\t<p data-start=\"178\" data-end=\"618\">Nudimo profesionalnu uslu\u017enu monta\u017eu kupovnog namje\u0161taja svih ve\u0107ih trgovina, uklju\u010duju\u0107i Emmezeta, Lesnina, Prima i ostale. Brzo, precizno i pouzdano sastavljamo kuhinje, ormare, krevete, komode i ostale elemente namje\u0161taja. Monta\u017eu obavljamo u stambenim i poslovnim prostorima, uz pa\u017enju prema svakom detalju i sigurnu zavr\u0161nu obradu. Na\u0161 cilj je da va\u0161 namje\u0161taj bude pravilno montiran, stabilan i spreman za kori\u0161tenje bez komplikacija.<\/p>\t\t\t\t\t\t\t\t<\/div>\n\t\t\t\t\t<\/div>\n\t\t\t\t<\/div>\n\t\t<div class=\"elementor-element elementor-element-3f9437d e-flex e-con-boxed e-con e-parent\" data-id=\"3f9437d\" data-element_type=\"container\" data-e-type=\"container\">\n\t\t\t\t\t<div class=\"e-con-inner\">\n\t\t\t\t\t<\/div>\n\t\t\t\t<\/div>\n\t\t<div class=\"elementor-element elementor-element-4694c04 e-flex e-con-boxed e-con e-parent\" data-id=\"4694c04\" data-element_type=\"container\" data-e-type=\"container\">\n\t\t\t\t\t<div class=\"e-con-inner\">\n\t\t\t\t<div class=\"elementor-element elementor-element-a9b0792 elementor-widget elementor-widget-heading\" data-id=\"a9b0792\" data-element_type=\"widget\" data-e-type=\"widget\" data-widget_type=\"heading.default\">\n\t\t\t\t\t<h2 class=\"elementor-heading-title elementor-size-default\"><strong data-start=\"163\" data-end=\"235\">Vrijeme je da va\u0161 prostor dobije namje\u0161taj po mjeri kakav zaslu\u017euje.<\/strong><br data-start=\"235\" data-end=\"238\"><\/h2>\t\t\t\t<\/div>\n\t\t\t\t<div class=\"elementor-element elementor-element-e6e1790 elementor-widget elementor-widget-text-editor\" data-id=\"e6e1790\" data-element_type=\"widget\" data-e-type=\"widget\" data-widget_type=\"text-editor.default\">\n\t\t\t\t\t\t\t\t\t<p data-start=\"163\" data-end=\"327\">Javite nam se i dogovorite besplatno savjetovanje, mjerenje i izradu ponude \u2013 bez obveze.<\/p>\t\t\t\t\t\t\t\t<\/div>\n\t\t\t\t<div class=\"elementor-element elementor-element-bc3e40f elementor-mobile-align-center elementor-align-center elementor-widget elementor-widget-button\" data-id=\"bc3e40f\" data-element_type=\"widget\" data-e-type=\"widget\" data-widget_type=\"button.default\">\n\t\t\t\t\t\t\t\t\t\t<a class=\"elementor-button elementor-button-link elementor-size-lg\" href=\"https:\/\/mobilium.hr\/?page_id=1644\">\n\t\t\t\t\t\t<span class=\"elementor-button-content-wrapper\">\n\t\t\t\t\t\t\t\t\t<span class=\"elementor-button-text\">Zatra\u017eite ponudu po mjeri<\/span>\n\t\t\t\t\t<\/span>\n\t\t\t\t\t<\/a>\n\t\t\t\t\t\t\t\t<\/div>\n\t\t\t\t\t<\/div>\n\t\t\t\t<\/div>\n\t\t\t\t<\/div>\n\t\t","protected":false},"excerpt":{"rendered":"<p>Nudimo profesionalnu uslu\u017enu monta\u017eu kupovnog namje\u0161taja svih ve\u0107ih trgovina, uklju\u010duju\u0107i Emmezeta, Lesnina, Prima i ostale. Brzo, precizno i pouzdano sastavljamo kuhinje, ormare, krevete, komode i ostale elemente namje\u0161taja. Monta\u017eu obavljamo u stambenim i poslovnim prostorima, uz pa\u017enju prema svakom detalju i sigurnu zavr\u0161nu obradu. Na\u0161 cilj je da va\u0161 namje\u0161taj bude pravilno montiran, stabilan i [&hellip;]<\/p>\n","protected":false},"author":1,"featured_media":0,"parent":0,"menu_order":0,"comment_status":"closed","ping_status":"closed","template":"","meta":{"footnotes":""},"class_list":["post-2283","page","type-page","status-publish","hentry"],"blocksy_meta":[],"_links":{"self":[{"href":"https:\/\/mobilium.hr\/index.php?rest_route=\/wp\/v2\/pages\/2283","targetHints":{"allow":["GET"]}}],"collection":[{"href":"https:\/\/mobilium.hr\/index.php?rest_route=\/wp\/v2\/pages"}],"about":[{"href":"https:\/\/mobilium.hr\/index.php?rest_route=\/wp\/v2\/types\/page"}],"author":[{"embeddable":true,"href":"https:\/\/mobilium.hr\/index.php?rest_route=\/wp\/v2\/users\/1"}],"replies":[{"embeddable":true,"href":"https:\/\/mobilium.hr\/index.php?rest_route=%2Fwp%2Fv2%2Fcomments&post=2283"}],"version-history":[{"count":4,"href":"https:\/\/mobilium.hr\/index.php?rest_route=\/wp\/v2\/pages\/2283\/revisions"}],"predecessor-version":[{"id":2287,"href":"https:\/\/mobilium.hr\/index.php?rest_route=\/wp\/v2\/pages\/2283\/revisions\/2287"}],"wp:attachment":[{"href":"https:\/\/mobilium.hr\/index.php?rest_route=%2Fwp%2Fv2%2Fmedia&parent=2283"}],"curies":[{"name":"wp","href":"https:\/\/api.w.org\/{rel}","templated":true}]}}