{"id":2069,"date":"2026-02-21T19:30:07","date_gmt":"2026-02-21T18:30:07","guid":{"rendered":"https:\/\/mobilium.hr\/?page_id=2069"},"modified":"2026-02-22T12:43:56","modified_gmt":"2026-02-22T11:43:56","slug":"kupaonski-namjestaj","status":"publish","type":"page","link":"https:\/\/mobilium.hr\/?page_id=2069","title":{"rendered":"Kupaonski namje\u0161taj"},"content":{"rendered":"\t\t<div data-elementor-type=\"wp-page\" data-elementor-id=\"2069\" class=\"elementor elementor-2069\">\n\t\t\t\t<div class=\"elementor-element elementor-element-83c7a74 e-flex e-con-boxed e-con e-parent\" data-id=\"83c7a74\" data-element_type=\"container\" data-e-type=\"container\">\n\t\t\t\t\t<div class=\"e-con-inner\">\n\t\t\t\t<div class=\"elementor-element elementor-element-0ab828c elementor-widget elementor-widget-text-editor\" data-id=\"0ab828c\" data-element_type=\"widget\" data-e-type=\"widget\" data-widget_type=\"text-editor.default\">\n\t\t\t\t\t\t\t\t\t<p data-start=\"1534\" data-end=\"1902\">Kupaonski namje\u0161taj po mjeri omogu\u0107uje optimalno iskori\u0161tavanje prostora, \u010dak i u manjim kupaonicama. Izra\u0111ujemo ormari\u0107e, elemente i obloge od materijala otpornih na vlagu i svakodnevno kori\u0161tenje. Dizajn prilago\u0111avamo stilu prostora \u2013 od minimalisti\u010dkog do luksuznog izgleda. Svaki detalj izra\u0111en je s ciljem postizanja funkcionalnosti, trajnosti i estetske \u010disto\u0107e.<\/p>\t\t\t\t\t\t\t\t<\/div>\n\t\t\t\t\t<\/div>\n\t\t\t\t<\/div>\n\t\t<div class=\"elementor-element elementor-element-da9b838 e-flex e-con-boxed e-con e-parent\" data-id=\"da9b838\" data-element_type=\"container\" data-e-type=\"container\">\n\t\t\t\t\t<div class=\"e-con-inner\">\n\t\t\t\t<div class=\"elementor-element elementor-element-bb8a212 elementor-widget elementor-widget-shortcode\" data-id=\"bb8a212\" data-element_type=\"widget\" data-e-type=\"widget\" data-widget_type=\"shortcode.default\">\n\t\t\t\t\t\t\t<div class=\"elementor-shortcode\"><div  id=\"jtg-2139\" class=\"modula modula-gallery modula-columns\" data-config=\"{&quot;tabletHeight&quot;:800,&quot;mobileHeight&quot;:800,&quot;desktopHeight&quot;:800,&quot;enableTwitter&quot;:false,&quot;enableWhatsapp&quot;:false,&quot;enableFacebook&quot;:false,&quot;enablePinterest&quot;:false,&quot;enableLinkedin&quot;:false,&quot;enableEmail&quot;:false,&quot;randomFactor&quot;:0.5,&quot;type&quot;:&quot;grid&quot;,&quot;columns&quot;:12,&quot;gutter&quot;:10,&quot;mobileGutter&quot;:10,&quot;tabletGutter&quot;:10,&quot;desktopGutter&quot;:10,&quot;enableResponsive&quot;:true,&quot;tabletColumns&quot;:2,&quot;mobileColumns&quot;:1,&quot;lazyLoad&quot;:0,&quot;lightboxOpts&quot;:{&quot;animated&quot;:true,&quot;Thumbs&quot;:{&quot;type&quot;:&quot;modern&quot;,&quot;showOnStart&quot;:false},&quot;Toolbar&quot;:{&quot;display&quot;:{&quot;right&quot;:[&quot;close&quot;]},&quot;enabled&quot;:true},&quot;Carousel&quot;:{&quot;Panzoom&quot;:{&quot;touch&quot;:false},&quot;infinite&quot;:false},&quot;keyboard&quot;:{&quot;Escape&quot;:&quot;close&quot;,&quot;Delete&quot;:&quot;close&quot;,&quot;Backspace&quot;:&quot;close&quot;,&quot;PageUp&quot;:false,&quot;PageDown&quot;:false,&quot;ArrowUp&quot;:false,&quot;ArrowDown&quot;:false,&quot;ArrowRight&quot;:false,&quot;ArrowLeft&quot;:false},&quot;touch&quot;:false,&quot;backdropClick&quot;:false,&quot;l10n&quot;:{&quot;CLOSE&quot;:&quot;Close&quot;,&quot;NEXT&quot;:&quot;Next&quot;,&quot;PREV&quot;:&quot;Previous&quot;,&quot;Error&quot;:&quot;The requested content cannot be loaded. Please try again later.&quot;,&quot;PLAY_START&quot;:&quot;Start slideshow&quot;,&quot;PLAY_STOP&quot;:&quot;Pause slideshow&quot;,&quot;FULL_SCREEN&quot;:&quot;Full screen&quot;,&quot;THUMBS&quot;:&quot;Thumbnails&quot;,&quot;DOWNLOAD&quot;:&quot;Download&quot;,&quot;SHARE&quot;:&quot;Share&quot;,&quot;ZOOM&quot;:&quot;Zoom&quot;,&quot;EMAIL&quot;:&quot;Here is the link to the image : %%image_link%% and this is the link to the gallery : %%gallery_link%%&quot;,&quot;MODAL&quot;:&quot;You can close this modal content with the ESC key&quot;,&quot;ERROR&quot;:&quot;Something Went Wrong, Please Try Again Later&quot;,&quot;IMAGE_ERROR&quot;:&quot;Image Not Found&quot;,&quot;ELEMENT_NOT_FOUND&quot;:&quot;HTML Element Not Found&quot;,&quot;AJAX_NOT_FOUND&quot;:&quot;Error Loading AJAX : Not Found&quot;,&quot;AJAX_FORBIDDEN&quot;:&quot;Error Loading AJAX : Forbidden&quot;,&quot;IFRAME_ERROR&quot;:&quot;Error Loading Page&quot;,&quot;TOGGLE_ZOOM&quot;:&quot;Toggle zoom level&quot;,&quot;TOGGLE_THUMBS&quot;:&quot;Toggle thumbnails&quot;,&quot;TOGGLE_SLIDESHOW&quot;:&quot;Toggle slideshow&quot;,&quot;TOGGLE_FULLSCREEN&quot;:&quot;Toggle full-screen mode&quot;},&quot;Images&quot;:{&quot;Panzoom&quot;:{&quot;maxScale&quot;:2}},&quot;mainClass&quot;:&quot;modula-fancybox-container modula-lightbox-jtg-2139&quot;,&quot;Html&quot;:{&quot;videoAutoplay&quot;:0,&quot;videoTpl&quot;:&quot;&lt;video class=\\&quot;fancybox__html5video\\&quot; controls muted playsinline controlsList controlsList=\\&quot;nodownload\\&quot; poster=\\&quot;{{poster}}\\&quot; src=\\&quot;{{src}}\\&quot; type=\\&quot;{{format}}\\&quot; &gt;  Sorry, your browser doesn&#039;t support embedded videos, &lt;a href=\\&quot;{{src}}\\&quot;&gt; download &lt;\\\/a&gt; and watch with your favorite video player! &lt;\\\/video&gt;&quot;}},&quot;inView&quot;:false,&quot;email_subject&quot;:&quot;Check out this awesome image !!&quot;,&quot;email_message&quot;:&quot;Here is the link to the image : %%image_link%% and this is the link to the gallery : %%gallery_link%%&quot;,&quot;grid_type&quot;:&quot;automatic&quot;,&quot;rowHeight&quot;:250,&quot;lastRow&quot;:&quot;justify&quot;,&quot;lightbox&quot;:&quot;fancybox&quot;}\">\n\n\t\n\t<div  class=\"modula-items grid-gallery\">\n\t\t<div class=\"modula-item effect-pufrobo\" >\n\t<div class=\"modula-item-overlay\"><\/div>\n\n\t<div class=\"modula-item-content\">\n\n\t\t\t\t\n\t\t\t\t\t<a data-image-id=\"2140\" role=\"button\" data-elementor-open-lightbox=\"no\" tabindex=\"0\" rel=\"jtg-2139\" data-caption=\"\" aria-label=\"Open image in lightbox\" class=\"tile-inner modula-item-link\"><\/a>\n\t\t\n\t\t<img fetchpriority=\"high\" decoding=\"async\" class=\"pic wp-image-2140\"  data-valign=\"middle\" data-halign=\"center\" alt=\"\" data-full=\"https:\/\/mobilium.hr\/wp-content\/uploads\/2026\/02\/asdcasd.jpeg\" title=\"asdcasd\" width=\"225\" height=\"300\" src=\"https:\/\/mobilium.hr\/wp-content\/uploads\/2026\/02\/asdcasd-225x300.jpeg\" data-src=\"https:\/\/mobilium.hr\/wp-content\/uploads\/2026\/02\/asdcasd-225x300.jpeg\" data-caption=\"\" srcset=\"https:\/\/mobilium.hr\/wp-content\/uploads\/2026\/02\/asdcasd.jpeg 1200w, https:\/\/mobilium.hr\/wp-content\/uploads\/2026\/02\/asdcasd-225x300.jpeg 225w, https:\/\/mobilium.hr\/wp-content\/uploads\/2026\/02\/asdcasd-768x1024.jpeg 768w, https:\/\/mobilium.hr\/wp-content\/uploads\/2026\/02\/asdcasd-1152x1536.jpeg 1152w, https:\/\/mobilium.hr\/wp-content\/uploads\/2026\/02\/asdcasd-300x400.jpeg 300w, https:\/\/mobilium.hr\/wp-content\/uploads\/2026\/02\/asdcasd-600x800.jpeg 600w\" sizes=\"(max-width: 225px) 100vw, 225px\" \/>\n\t\t<div class=\"figc no-description\">\n\t\t\t<div class=\"figc-inner\">\n\t\t\t\t\t\t\t\t\t\t\t\t\t\t\t<\/div>\n\t\t<\/div>\n\n\t<\/div>\n\n<\/div><div class=\"modula-item effect-pufrobo\" >\n\t<div class=\"modula-item-overlay\"><\/div>\n\n\t<div class=\"modula-item-content\">\n\n\t\t\t\t\n\t\t\t\t\t<a data-image-id=\"2142\" role=\"button\" data-elementor-open-lightbox=\"no\" tabindex=\"0\" rel=\"jtg-2139\" data-caption=\"\" aria-label=\"Open image in lightbox\" class=\"tile-inner modula-item-link\"><\/a>\n\t\t\n\t\t<img decoding=\"async\" class=\"pic wp-image-2142\"  data-valign=\"middle\" data-halign=\"center\" alt=\"\" data-full=\"https:\/\/mobilium.hr\/wp-content\/uploads\/2026\/02\/WhatsApp-Image-2026-02-13-at-21.37.19afsa.jpeg\" title=\"WhatsApp Image 2026-02-13 at 21.37.19afsa\" width=\"225\" height=\"300\" src=\"https:\/\/mobilium.hr\/wp-content\/uploads\/2026\/02\/WhatsApp-Image-2026-02-13-at-21.37.19afsa-225x300.jpeg\" data-src=\"https:\/\/mobilium.hr\/wp-content\/uploads\/2026\/02\/WhatsApp-Image-2026-02-13-at-21.37.19afsa-225x300.jpeg\" data-caption=\"\" srcset=\"https:\/\/mobilium.hr\/wp-content\/uploads\/2026\/02\/WhatsApp-Image-2026-02-13-at-21.37.19afsa.jpeg 1200w, https:\/\/mobilium.hr\/wp-content\/uploads\/2026\/02\/WhatsApp-Image-2026-02-13-at-21.37.19afsa-225x300.jpeg 225w, https:\/\/mobilium.hr\/wp-content\/uploads\/2026\/02\/WhatsApp-Image-2026-02-13-at-21.37.19afsa-768x1024.jpeg 768w, https:\/\/mobilium.hr\/wp-content\/uploads\/2026\/02\/WhatsApp-Image-2026-02-13-at-21.37.19afsa-1152x1536.jpeg 1152w, https:\/\/mobilium.hr\/wp-content\/uploads\/2026\/02\/WhatsApp-Image-2026-02-13-at-21.37.19afsa-300x400.jpeg 300w, https:\/\/mobilium.hr\/wp-content\/uploads\/2026\/02\/WhatsApp-Image-2026-02-13-at-21.37.19afsa-600x800.jpeg 600w\" sizes=\"(max-width: 225px) 100vw, 225px\" \/>\n\t\t<div class=\"figc no-description\">\n\t\t\t<div class=\"figc-inner\">\n\t\t\t\t\t\t\t\t\t\t\t\t\t\t\t<\/div>\n\t\t<\/div>\n\n\t<\/div>\n\n<\/div><div class=\"modula-item effect-pufrobo\" >\n\t<div class=\"modula-item-overlay\"><\/div>\n\n\t<div class=\"modula-item-content\">\n\n\t\t\t\t\n\t\t\t\t\t<a data-image-id=\"2143\" role=\"button\" data-elementor-open-lightbox=\"no\" tabindex=\"0\" rel=\"jtg-2139\" data-caption=\"\" aria-label=\"Open image in lightbox\" class=\"tile-inner modula-item-link\"><\/a>\n\t\t\n\t\t<img decoding=\"async\" class=\"pic wp-image-2143\"  data-valign=\"middle\" data-halign=\"center\" alt=\"\" data-full=\"https:\/\/mobilium.hr\/wp-content\/uploads\/2026\/02\/WhatsApp-Image-2026-02-13-at-21.37.19asd-1.jpeg\" title=\"WhatsApp Image 2026-02-13 at 21.37.19asd\" width=\"225\" height=\"300\" src=\"https:\/\/mobilium.hr\/wp-content\/uploads\/2026\/02\/WhatsApp-Image-2026-02-13-at-21.37.19asd-1-225x300.jpeg\" data-src=\"https:\/\/mobilium.hr\/wp-content\/uploads\/2026\/02\/WhatsApp-Image-2026-02-13-at-21.37.19asd-1-225x300.jpeg\" data-caption=\"\" srcset=\"https:\/\/mobilium.hr\/wp-content\/uploads\/2026\/02\/WhatsApp-Image-2026-02-13-at-21.37.19asd-1.jpeg 1200w, https:\/\/mobilium.hr\/wp-content\/uploads\/2026\/02\/WhatsApp-Image-2026-02-13-at-21.37.19asd-1-225x300.jpeg 225w, https:\/\/mobilium.hr\/wp-content\/uploads\/2026\/02\/WhatsApp-Image-2026-02-13-at-21.37.19asd-1-768x1024.jpeg 768w, https:\/\/mobilium.hr\/wp-content\/uploads\/2026\/02\/WhatsApp-Image-2026-02-13-at-21.37.19asd-1-1152x1536.jpeg 1152w, https:\/\/mobilium.hr\/wp-content\/uploads\/2026\/02\/WhatsApp-Image-2026-02-13-at-21.37.19asd-1-300x400.jpeg 300w, https:\/\/mobilium.hr\/wp-content\/uploads\/2026\/02\/WhatsApp-Image-2026-02-13-at-21.37.19asd-1-600x800.jpeg 600w\" sizes=\"(max-width: 225px) 100vw, 225px\" \/>\n\t\t<div class=\"figc no-description\">\n\t\t\t<div class=\"figc-inner\">\n\t\t\t\t\t\t\t\t\t\t\t\t\t\t\t<\/div>\n\t\t<\/div>\n\n\t<\/div>\n\n<\/div><div class=\"modula-item effect-pufrobo\" >\n\t<div class=\"modula-item-overlay\"><\/div>\n\n\t<div class=\"modula-item-content\">\n\n\t\t\t\t\n\t\t\t\t\t<a data-image-id=\"2144\" role=\"button\" data-elementor-open-lightbox=\"no\" tabindex=\"0\" rel=\"jtg-2139\" data-caption=\"\" aria-label=\"Open image in lightbox\" class=\"tile-inner modula-item-link\"><\/a>\n\t\t\n\t\t<img loading=\"lazy\" decoding=\"async\" class=\"pic wp-image-2144\"  data-valign=\"middle\" data-halign=\"center\" alt=\"\" data-full=\"https:\/\/mobilium.hr\/wp-content\/uploads\/2026\/02\/WhatsApp-Image-2026-02-13-at-21.37.19rgg.jpeg\" title=\"WhatsApp Image 2026-02-13 at 21.37.19rgg\" width=\"225\" height=\"300\" src=\"https:\/\/mobilium.hr\/wp-content\/uploads\/2026\/02\/WhatsApp-Image-2026-02-13-at-21.37.19rgg-225x300.jpeg\" data-src=\"https:\/\/mobilium.hr\/wp-content\/uploads\/2026\/02\/WhatsApp-Image-2026-02-13-at-21.37.19rgg-225x300.jpeg\" data-caption=\"\" srcset=\"https:\/\/mobilium.hr\/wp-content\/uploads\/2026\/02\/WhatsApp-Image-2026-02-13-at-21.37.19rgg.jpeg 1200w, https:\/\/mobilium.hr\/wp-content\/uploads\/2026\/02\/WhatsApp-Image-2026-02-13-at-21.37.19rgg-225x300.jpeg 225w, https:\/\/mobilium.hr\/wp-content\/uploads\/2026\/02\/WhatsApp-Image-2026-02-13-at-21.37.19rgg-768x1024.jpeg 768w, https:\/\/mobilium.hr\/wp-content\/uploads\/2026\/02\/WhatsApp-Image-2026-02-13-at-21.37.19rgg-1152x1536.jpeg 1152w, https:\/\/mobilium.hr\/wp-content\/uploads\/2026\/02\/WhatsApp-Image-2026-02-13-at-21.37.19rgg-300x400.jpeg 300w, https:\/\/mobilium.hr\/wp-content\/uploads\/2026\/02\/WhatsApp-Image-2026-02-13-at-21.37.19rgg-600x800.jpeg 600w\" sizes=\"(max-width: 225px) 100vw, 225px\" \/>\n\t\t<div class=\"figc no-description\">\n\t\t\t<div class=\"figc-inner\">\n\t\t\t\t\t\t\t\t\t\t\t\t\t\t\t<\/div>\n\t\t<\/div>\n\n\t<\/div>\n\n<\/div><div class=\"modula-item effect-pufrobo\" >\n\t<div class=\"modula-item-overlay\"><\/div>\n\n\t<div class=\"modula-item-content\">\n\n\t\t\t\t\n\t\t\t\t\t<a data-image-id=\"2145\" role=\"button\" data-elementor-open-lightbox=\"no\" tabindex=\"0\" rel=\"jtg-2139\" data-caption=\"\" aria-label=\"Open image in lightbox\" class=\"tile-inner modula-item-link\"><\/a>\n\t\t\n\t\t<img loading=\"lazy\" decoding=\"async\" class=\"pic wp-image-2145\"  data-valign=\"middle\" data-halign=\"center\" alt=\"\" data-full=\"https:\/\/mobilium.hr\/wp-content\/uploads\/2026\/02\/WhatsApp-Image-2026-02-13-at-21.40.52asa.jpeg\" title=\"WhatsApp Image 2026-02-13 at 21.40.52asa\" width=\"225\" height=\"300\" src=\"https:\/\/mobilium.hr\/wp-content\/uploads\/2026\/02\/WhatsApp-Image-2026-02-13-at-21.40.52asa-225x300.jpeg\" data-src=\"https:\/\/mobilium.hr\/wp-content\/uploads\/2026\/02\/WhatsApp-Image-2026-02-13-at-21.40.52asa-225x300.jpeg\" data-caption=\"\" srcset=\"https:\/\/mobilium.hr\/wp-content\/uploads\/2026\/02\/WhatsApp-Image-2026-02-13-at-21.40.52asa.jpeg 1200w, https:\/\/mobilium.hr\/wp-content\/uploads\/2026\/02\/WhatsApp-Image-2026-02-13-at-21.40.52asa-225x300.jpeg 225w, https:\/\/mobilium.hr\/wp-content\/uploads\/2026\/02\/WhatsApp-Image-2026-02-13-at-21.40.52asa-768x1024.jpeg 768w, https:\/\/mobilium.hr\/wp-content\/uploads\/2026\/02\/WhatsApp-Image-2026-02-13-at-21.40.52asa-1152x1536.jpeg 1152w, https:\/\/mobilium.hr\/wp-content\/uploads\/2026\/02\/WhatsApp-Image-2026-02-13-at-21.40.52asa-300x400.jpeg 300w, https:\/\/mobilium.hr\/wp-content\/uploads\/2026\/02\/WhatsApp-Image-2026-02-13-at-21.40.52asa-600x800.jpeg 600w\" sizes=\"(max-width: 225px) 100vw, 225px\" \/>\n\t\t<div class=\"figc no-description\">\n\t\t\t<div class=\"figc-inner\">\n\t\t\t\t\t\t\t\t\t\t\t\t\t\t\t<\/div>\n\t\t<\/div>\n\n\t<\/div>\n\n<\/div>\t\t\n\t<\/div>\n\n\t\n\t\n\t<script type=\"application\/ld+json\">\n\t{\n\t\t\"@context\": \"http:\/\/schema.org\",\n\t\t\"@type\"   : \"ImageGallery\",\n\t\t\"id\"      : \"https:\/\/mobilium.hr\/?page_id=2069\/\",\n\t\t\"url\"     : \"https:\/\/mobilium.hr\/?page_id=2069\/\"\n\t}\n\n\t<\/script>\n\n\t\n<\/div>\n<\/div>\n\t\t\t\t\t\t<\/div>\n\t\t\t\t\t<\/div>\n\t\t\t\t<\/div>\n\t\t<div class=\"elementor-element elementor-element-f585ecd e-flex e-con-boxed e-con e-parent\" data-id=\"f585ecd\" data-element_type=\"container\" data-e-type=\"container\">\n\t\t\t\t\t<div class=\"e-con-inner\">\n\t\t\t\t<div class=\"elementor-element elementor-element-e8b255b elementor-widget elementor-widget-heading\" data-id=\"e8b255b\" data-element_type=\"widget\" data-e-type=\"widget\" data-widget_type=\"heading.default\">\n\t\t\t\t\t<h2 class=\"elementor-heading-title elementor-size-default\"><strong data-start=\"163\" data-end=\"235\">Vrijeme je da va\u0161 prostor dobije namje\u0161taj po mjeri kakav zaslu\u017euje.<\/strong><br data-start=\"235\" data-end=\"238\"><\/h2>\t\t\t\t<\/div>\n\t\t\t\t<div class=\"elementor-element elementor-element-2558752 elementor-widget elementor-widget-text-editor\" data-id=\"2558752\" data-element_type=\"widget\" data-e-type=\"widget\" data-widget_type=\"text-editor.default\">\n\t\t\t\t\t\t\t\t\t<p data-start=\"163\" data-end=\"327\">Javite nam se i dogovorite besplatno savjetovanje, mjerenje i izradu ponude \u2013 bez obveze.<\/p>\t\t\t\t\t\t\t\t<\/div>\n\t\t\t\t<div class=\"elementor-element elementor-element-8b81725 elementor-mobile-align-center elementor-align-center elementor-widget elementor-widget-button\" data-id=\"8b81725\" data-element_type=\"widget\" data-e-type=\"widget\" data-widget_type=\"button.default\">\n\t\t\t\t\t\t\t\t\t\t<a class=\"elementor-button elementor-button-link elementor-size-lg\" href=\"https:\/\/mobilium.hr\/?page_id=1644\">\n\t\t\t\t\t\t<span class=\"elementor-button-content-wrapper\">\n\t\t\t\t\t\t\t\t\t<span class=\"elementor-button-text\">Zatra\u017eite ponudu po mjeri<\/span>\n\t\t\t\t\t<\/span>\n\t\t\t\t\t<\/a>\n\t\t\t\t\t\t\t\t<\/div>\n\t\t\t\t\t<\/div>\n\t\t\t\t<\/div>\n\t\t\t\t<\/div>\n\t\t","protected":false},"excerpt":{"rendered":"<p>Kupaonski namje\u0161taj po mjeri omogu\u0107uje optimalno iskori\u0161tavanje prostora, \u010dak i u manjim kupaonicama. Izra\u0111ujemo ormari\u0107e, elemente i obloge od materijala otpornih na vlagu i svakodnevno kori\u0161tenje. Dizajn prilago\u0111avamo stilu prostora \u2013 od minimalisti\u010dkog do luksuznog izgleda. Svaki detalj izra\u0111en je s ciljem postizanja funkcionalnosti, trajnosti i estetske \u010disto\u0107e. Vrijeme je da va\u0161 prostor dobije namje\u0161taj [&hellip;]<\/p>\n","protected":false},"author":1,"featured_media":0,"parent":0,"menu_order":0,"comment_status":"closed","ping_status":"closed","template":"","meta":{"footnotes":""},"class_list":["post-2069","page","type-page","status-publish","hentry"],"blocksy_meta":[],"_links":{"self":[{"href":"https:\/\/mobilium.hr\/index.php?rest_route=\/wp\/v2\/pages\/2069","targetHints":{"allow":["GET"]}}],"collection":[{"href":"https:\/\/mobilium.hr\/index.php?rest_route=\/wp\/v2\/pages"}],"about":[{"href":"https:\/\/mobilium.hr\/index.php?rest_route=\/wp\/v2\/types\/page"}],"author":[{"embeddable":true,"href":"https:\/\/mobilium.hr\/index.php?rest_route=\/wp\/v2\/users\/1"}],"replies":[{"embeddable":true,"href":"https:\/\/mobilium.hr\/index.php?rest_route=%2Fwp%2Fv2%2Fcomments&post=2069"}],"version-history":[{"count":13,"href":"https:\/\/mobilium.hr\/index.php?rest_route=\/wp\/v2\/pages\/2069\/revisions"}],"predecessor-version":[{"id":2202,"href":"https:\/\/mobilium.hr\/index.php?rest_route=\/wp\/v2\/pages\/2069\/revisions\/2202"}],"wp:attachment":[{"href":"https:\/\/mobilium.hr\/index.php?rest_route=%2Fwp%2Fv2%2Fmedia&parent=2069"}],"curies":[{"name":"wp","href":"https:\/\/api.w.org\/{rel}","templated":true}]}}