{"id":2067,"date":"2026-02-21T19:29:25","date_gmt":"2026-02-21T18:29:25","guid":{"rendered":"https:\/\/mobilium.hr\/?page_id=2067"},"modified":"2026-02-22T12:53:45","modified_gmt":"2026-02-22T11:53:45","slug":"uredski-namjestaj","status":"publish","type":"page","link":"https:\/\/mobilium.hr\/?page_id=2067","title":{"rendered":"Uredski namje\u0161taj"},"content":{"rendered":"\t\t<div data-elementor-type=\"wp-page\" data-elementor-id=\"2067\" class=\"elementor elementor-2067\">\n\t\t\t\t<div class=\"elementor-element elementor-element-83c7a74 e-flex e-con-boxed e-con e-parent\" data-id=\"83c7a74\" data-element_type=\"container\" data-e-type=\"container\">\n\t\t\t\t\t<div class=\"e-con-inner\">\n\t\t\t\t<div class=\"elementor-element elementor-element-0ab828c elementor-widget elementor-widget-text-editor\" data-id=\"0ab828c\" data-element_type=\"widget\" data-e-type=\"widget\" data-widget_type=\"text-editor.default\">\n\t\t\t\t\t\t\t\t\t<p data-start=\"1087\" data-end=\"1500\">Uredski namje\u0161taj po mjeri izra\u0111ujemo s fokusom na ergonomiju, organizaciju prostora i profesionalan izgled. Bilo da opremamo male urede ili ve\u0107e poslovne prostore, svaki element dizajniran je prema stvarnim potrebama korisnika. Kvalitetni materijali i precizna izrada osiguravaju dugotrajnost i ugodno radno okru\u017eenje. Prilago\u0111avamo se vizualnom identitetu tvrtke kako bi prostor ostavio sna\u017ean i ozbiljan dojam.<\/p>\t\t\t\t\t\t\t\t<\/div>\n\t\t\t\t\t<\/div>\n\t\t\t\t<\/div>\n\t\t<div class=\"elementor-element elementor-element-c91d0ef e-flex e-con-boxed e-con e-parent\" data-id=\"c91d0ef\" data-element_type=\"container\" data-e-type=\"container\">\n\t\t\t\t\t<div class=\"e-con-inner\">\n\t\t\t\t<div class=\"elementor-element elementor-element-72dd702 elementor-widget elementor-widget-shortcode\" data-id=\"72dd702\" data-element_type=\"widget\" data-e-type=\"widget\" data-widget_type=\"shortcode.default\">\n\t\t\t\t\t\t\t<div class=\"elementor-shortcode\"><div  id=\"jtg-2171\" class=\"modula modula-gallery modula-columns\" data-config=\"{&quot;tabletHeight&quot;:800,&quot;mobileHeight&quot;:800,&quot;desktopHeight&quot;:800,&quot;enableTwitter&quot;:false,&quot;enableWhatsapp&quot;:false,&quot;enableFacebook&quot;:false,&quot;enablePinterest&quot;:false,&quot;enableLinkedin&quot;:false,&quot;enableEmail&quot;:false,&quot;randomFactor&quot;:0.5,&quot;type&quot;:&quot;grid&quot;,&quot;columns&quot;:12,&quot;gutter&quot;:10,&quot;mobileGutter&quot;:10,&quot;tabletGutter&quot;:10,&quot;desktopGutter&quot;:10,&quot;enableResponsive&quot;:true,&quot;tabletColumns&quot;:2,&quot;mobileColumns&quot;:1,&quot;lazyLoad&quot;:0,&quot;lightboxOpts&quot;:{&quot;animated&quot;:true,&quot;Thumbs&quot;:{&quot;type&quot;:&quot;modern&quot;,&quot;showOnStart&quot;:false},&quot;Toolbar&quot;:{&quot;display&quot;:{&quot;right&quot;:[&quot;close&quot;]},&quot;enabled&quot;:true},&quot;Carousel&quot;:{&quot;Panzoom&quot;:{&quot;touch&quot;:false},&quot;infinite&quot;:false},&quot;keyboard&quot;:{&quot;Escape&quot;:&quot;close&quot;,&quot;Delete&quot;:&quot;close&quot;,&quot;Backspace&quot;:&quot;close&quot;,&quot;PageUp&quot;:false,&quot;PageDown&quot;:false,&quot;ArrowUp&quot;:false,&quot;ArrowDown&quot;:false,&quot;ArrowRight&quot;:false,&quot;ArrowLeft&quot;:false},&quot;touch&quot;:false,&quot;backdropClick&quot;:false,&quot;l10n&quot;:{&quot;CLOSE&quot;:&quot;Close&quot;,&quot;NEXT&quot;:&quot;Next&quot;,&quot;PREV&quot;:&quot;Previous&quot;,&quot;Error&quot;:&quot;The requested content cannot be loaded. Please try again later.&quot;,&quot;PLAY_START&quot;:&quot;Start slideshow&quot;,&quot;PLAY_STOP&quot;:&quot;Pause slideshow&quot;,&quot;FULL_SCREEN&quot;:&quot;Full screen&quot;,&quot;THUMBS&quot;:&quot;Thumbnails&quot;,&quot;DOWNLOAD&quot;:&quot;Download&quot;,&quot;SHARE&quot;:&quot;Share&quot;,&quot;ZOOM&quot;:&quot;Zoom&quot;,&quot;EMAIL&quot;:&quot;Here is the link to the image : %%image_link%% and this is the link to the gallery : %%gallery_link%%&quot;,&quot;MODAL&quot;:&quot;You can close this modal content with the ESC key&quot;,&quot;ERROR&quot;:&quot;Something Went Wrong, Please Try Again Later&quot;,&quot;IMAGE_ERROR&quot;:&quot;Image Not Found&quot;,&quot;ELEMENT_NOT_FOUND&quot;:&quot;HTML Element Not Found&quot;,&quot;AJAX_NOT_FOUND&quot;:&quot;Error Loading AJAX : Not Found&quot;,&quot;AJAX_FORBIDDEN&quot;:&quot;Error Loading AJAX : Forbidden&quot;,&quot;IFRAME_ERROR&quot;:&quot;Error Loading Page&quot;,&quot;TOGGLE_ZOOM&quot;:&quot;Toggle zoom level&quot;,&quot;TOGGLE_THUMBS&quot;:&quot;Toggle thumbnails&quot;,&quot;TOGGLE_SLIDESHOW&quot;:&quot;Toggle slideshow&quot;,&quot;TOGGLE_FULLSCREEN&quot;:&quot;Toggle full-screen mode&quot;},&quot;Images&quot;:{&quot;Panzoom&quot;:{&quot;maxScale&quot;:2}},&quot;mainClass&quot;:&quot;modula-fancybox-container modula-lightbox-jtg-2171&quot;,&quot;Html&quot;:{&quot;videoAutoplay&quot;:0,&quot;videoTpl&quot;:&quot;&lt;video class=\\&quot;fancybox__html5video\\&quot; controls muted playsinline controlsList controlsList=\\&quot;nodownload\\&quot; poster=\\&quot;{{poster}}\\&quot; src=\\&quot;{{src}}\\&quot; type=\\&quot;{{format}}\\&quot; &gt;  Sorry, your browser doesn&#039;t support embedded videos, &lt;a href=\\&quot;{{src}}\\&quot;&gt; download &lt;\\\/a&gt; and watch with your favorite video player! &lt;\\\/video&gt;&quot;}},&quot;inView&quot;:false,&quot;email_subject&quot;:&quot;Check out this awesome image !!&quot;,&quot;email_message&quot;:&quot;Here is the link to the image : %%image_link%% and this is the link to the gallery : %%gallery_link%%&quot;,&quot;grid_type&quot;:&quot;automatic&quot;,&quot;rowHeight&quot;:250,&quot;lastRow&quot;:&quot;justify&quot;,&quot;lightbox&quot;:&quot;fancybox&quot;}\">\n\n\t\n\t<div  class=\"modula-items grid-gallery\">\n\t\t<div class=\"modula-item effect-pufrobo\" >\n\t<div class=\"modula-item-overlay\"><\/div>\n\n\t<div class=\"modula-item-content\">\n\n\t\t\t\t\n\t\t\t\t\t<a data-image-id=\"2172\" role=\"button\" data-elementor-open-lightbox=\"no\" tabindex=\"0\" rel=\"jtg-2171\" data-caption=\"\" aria-label=\"Open image in lightbox\" class=\"tile-inner modula-item-link\"><\/a>\n\t\t\n\t\t<img fetchpriority=\"high\" decoding=\"async\" class=\"pic wp-image-2172\"  data-valign=\"middle\" data-halign=\"center\" alt=\"\" data-full=\"https:\/\/mobilium.hr\/wp-content\/uploads\/2026\/02\/744.jpeg\" title=\"744\" width=\"225\" height=\"300\" src=\"https:\/\/mobilium.hr\/wp-content\/uploads\/2026\/02\/744-225x300.jpeg\" data-src=\"https:\/\/mobilium.hr\/wp-content\/uploads\/2026\/02\/744-225x300.jpeg\" data-caption=\"\" srcset=\"https:\/\/mobilium.hr\/wp-content\/uploads\/2026\/02\/744.jpeg 1200w, https:\/\/mobilium.hr\/wp-content\/uploads\/2026\/02\/744-225x300.jpeg 225w, https:\/\/mobilium.hr\/wp-content\/uploads\/2026\/02\/744-768x1024.jpeg 768w, https:\/\/mobilium.hr\/wp-content\/uploads\/2026\/02\/744-1152x1536.jpeg 1152w, https:\/\/mobilium.hr\/wp-content\/uploads\/2026\/02\/744-300x400.jpeg 300w, https:\/\/mobilium.hr\/wp-content\/uploads\/2026\/02\/744-600x800.jpeg 600w\" sizes=\"(max-width: 225px) 100vw, 225px\" \/>\n\t\t<div class=\"figc no-description\">\n\t\t\t<div class=\"figc-inner\">\n\t\t\t\t\t\t\t\t\t\t\t\t\t\t\t<\/div>\n\t\t<\/div>\n\n\t<\/div>\n\n<\/div><div class=\"modula-item effect-pufrobo\" >\n\t<div class=\"modula-item-overlay\"><\/div>\n\n\t<div class=\"modula-item-content\">\n\n\t\t\t\t\n\t\t\t\t\t<a data-image-id=\"2178\" role=\"button\" data-elementor-open-lightbox=\"no\" tabindex=\"0\" rel=\"jtg-2171\" data-caption=\"\" aria-label=\"Open image in lightbox\" class=\"tile-inner modula-item-link\"><\/a>\n\t\t\n\t\t<img decoding=\"async\" class=\"pic wp-image-2178\"  data-valign=\"middle\" data-halign=\"center\" alt=\"\" data-full=\"https:\/\/mobilium.hr\/wp-content\/uploads\/2026\/02\/7685767-2.jpeg\" title=\"7685767\" width=\"300\" height=\"225\" src=\"https:\/\/mobilium.hr\/wp-content\/uploads\/2026\/02\/7685767-2-300x225.jpeg\" data-src=\"https:\/\/mobilium.hr\/wp-content\/uploads\/2026\/02\/7685767-2-300x225.jpeg\" data-caption=\"\" srcset=\"https:\/\/mobilium.hr\/wp-content\/uploads\/2026\/02\/7685767-2.jpeg 1600w, https:\/\/mobilium.hr\/wp-content\/uploads\/2026\/02\/7685767-2-300x225.jpeg 300w, https:\/\/mobilium.hr\/wp-content\/uploads\/2026\/02\/7685767-2-1024x768.jpeg 1024w, https:\/\/mobilium.hr\/wp-content\/uploads\/2026\/02\/7685767-2-768x576.jpeg 768w, https:\/\/mobilium.hr\/wp-content\/uploads\/2026\/02\/7685767-2-1536x1152.jpeg 1536w, https:\/\/mobilium.hr\/wp-content\/uploads\/2026\/02\/7685767-2-600x450.jpeg 600w\" sizes=\"(max-width: 300px) 100vw, 300px\" \/>\n\t\t<div class=\"figc no-description\">\n\t\t\t<div class=\"figc-inner\">\n\t\t\t\t\t\t\t\t\t\t\t\t\t\t\t<\/div>\n\t\t<\/div>\n\n\t<\/div>\n\n<\/div><div class=\"modula-item effect-pufrobo\" >\n\t<div class=\"modula-item-overlay\"><\/div>\n\n\t<div class=\"modula-item-content\">\n\n\t\t\t\t\n\t\t\t\t\t<a data-image-id=\"2175\" role=\"button\" data-elementor-open-lightbox=\"no\" tabindex=\"0\" rel=\"jtg-2171\" data-caption=\"\" aria-label=\"Open image in lightbox\" class=\"tile-inner modula-item-link\"><\/a>\n\t\t\n\t\t<img decoding=\"async\" class=\"pic wp-image-2175\"  data-valign=\"middle\" data-halign=\"center\" alt=\"\" data-full=\"https:\/\/mobilium.hr\/wp-content\/uploads\/2026\/02\/48677.jpeg\" title=\"48677\" width=\"300\" height=\"225\" src=\"https:\/\/mobilium.hr\/wp-content\/uploads\/2026\/02\/48677-300x225.jpeg\" data-src=\"https:\/\/mobilium.hr\/wp-content\/uploads\/2026\/02\/48677-300x225.jpeg\" data-caption=\"\" srcset=\"https:\/\/mobilium.hr\/wp-content\/uploads\/2026\/02\/48677.jpeg 1600w, https:\/\/mobilium.hr\/wp-content\/uploads\/2026\/02\/48677-300x225.jpeg 300w, https:\/\/mobilium.hr\/wp-content\/uploads\/2026\/02\/48677-1024x768.jpeg 1024w, https:\/\/mobilium.hr\/wp-content\/uploads\/2026\/02\/48677-768x576.jpeg 768w, https:\/\/mobilium.hr\/wp-content\/uploads\/2026\/02\/48677-1536x1152.jpeg 1536w, https:\/\/mobilium.hr\/wp-content\/uploads\/2026\/02\/48677-600x450.jpeg 600w\" sizes=\"(max-width: 300px) 100vw, 300px\" \/>\n\t\t<div class=\"figc no-description\">\n\t\t\t<div class=\"figc-inner\">\n\t\t\t\t\t\t\t\t\t\t\t\t\t\t\t<\/div>\n\t\t<\/div>\n\n\t<\/div>\n\n<\/div><div class=\"modula-item effect-pufrobo\" >\n\t<div class=\"modula-item-overlay\"><\/div>\n\n\t<div class=\"modula-item-content\">\n\n\t\t\t\t\n\t\t\t\t\t<a data-image-id=\"2173\" role=\"button\" data-elementor-open-lightbox=\"no\" tabindex=\"0\" rel=\"jtg-2171\" data-caption=\"\" aria-label=\"Open image in lightbox\" class=\"tile-inner modula-item-link\"><\/a>\n\t\t\n\t\t<img loading=\"lazy\" decoding=\"async\" class=\"pic wp-image-2173\"  data-valign=\"middle\" data-halign=\"center\" alt=\"\" data-full=\"https:\/\/mobilium.hr\/wp-content\/uploads\/2026\/02\/4474.jpeg\" title=\"4474\" width=\"225\" height=\"300\" src=\"https:\/\/mobilium.hr\/wp-content\/uploads\/2026\/02\/4474-225x300.jpeg\" data-src=\"https:\/\/mobilium.hr\/wp-content\/uploads\/2026\/02\/4474-225x300.jpeg\" data-caption=\"\" srcset=\"https:\/\/mobilium.hr\/wp-content\/uploads\/2026\/02\/4474.jpeg 1200w, https:\/\/mobilium.hr\/wp-content\/uploads\/2026\/02\/4474-225x300.jpeg 225w, https:\/\/mobilium.hr\/wp-content\/uploads\/2026\/02\/4474-768x1024.jpeg 768w, https:\/\/mobilium.hr\/wp-content\/uploads\/2026\/02\/4474-1152x1536.jpeg 1152w, https:\/\/mobilium.hr\/wp-content\/uploads\/2026\/02\/4474-300x400.jpeg 300w, https:\/\/mobilium.hr\/wp-content\/uploads\/2026\/02\/4474-600x800.jpeg 600w\" sizes=\"(max-width: 225px) 100vw, 225px\" \/>\n\t\t<div class=\"figc no-description\">\n\t\t\t<div class=\"figc-inner\">\n\t\t\t\t\t\t\t\t\t\t\t\t\t\t\t<\/div>\n\t\t<\/div>\n\n\t<\/div>\n\n<\/div><div class=\"modula-item effect-pufrobo\" >\n\t<div class=\"modula-item-overlay\"><\/div>\n\n\t<div class=\"modula-item-content\">\n\n\t\t\t\t\n\t\t\t\t\t<a data-image-id=\"2174\" role=\"button\" data-elementor-open-lightbox=\"no\" tabindex=\"0\" rel=\"jtg-2171\" data-caption=\"\" aria-label=\"Open image in lightbox\" class=\"tile-inner modula-item-link\"><\/a>\n\t\t\n\t\t<img loading=\"lazy\" decoding=\"async\" class=\"pic wp-image-2174\"  data-valign=\"middle\" data-halign=\"center\" alt=\"\" data-full=\"https:\/\/mobilium.hr\/wp-content\/uploads\/2026\/02\/7686.jpeg\" title=\"7686\" width=\"138\" height=\"300\" src=\"https:\/\/mobilium.hr\/wp-content\/uploads\/2026\/02\/7686-138x300.jpeg\" data-src=\"https:\/\/mobilium.hr\/wp-content\/uploads\/2026\/02\/7686-138x300.jpeg\" data-caption=\"\" srcset=\"https:\/\/mobilium.hr\/wp-content\/uploads\/2026\/02\/7686.jpeg 738w, https:\/\/mobilium.hr\/wp-content\/uploads\/2026\/02\/7686-138x300.jpeg 138w, https:\/\/mobilium.hr\/wp-content\/uploads\/2026\/02\/7686-472x1024.jpeg 472w, https:\/\/mobilium.hr\/wp-content\/uploads\/2026\/02\/7686-708x1536.jpeg 708w, https:\/\/mobilium.hr\/wp-content\/uploads\/2026\/02\/7686-300x650.jpeg 300w, https:\/\/mobilium.hr\/wp-content\/uploads\/2026\/02\/7686-600x1301.jpeg 600w\" sizes=\"(max-width: 138px) 100vw, 138px\" \/>\n\t\t<div class=\"figc no-description\">\n\t\t\t<div class=\"figc-inner\">\n\t\t\t\t\t\t\t\t\t\t\t\t\t\t\t<\/div>\n\t\t<\/div>\n\n\t<\/div>\n\n<\/div><div class=\"modula-item effect-pufrobo\" >\n\t<div class=\"modula-item-overlay\"><\/div>\n\n\t<div class=\"modula-item-content\">\n\n\t\t\t\t\n\t\t\t\t\t<a data-image-id=\"2177\" role=\"button\" data-elementor-open-lightbox=\"no\" tabindex=\"0\" rel=\"jtg-2171\" data-caption=\"\" aria-label=\"Open image in lightbox\" class=\"tile-inner modula-item-link\"><\/a>\n\t\t\n\t\t<img loading=\"lazy\" decoding=\"async\" class=\"pic wp-image-2177\"  data-valign=\"middle\" data-halign=\"center\" alt=\"\" data-full=\"https:\/\/mobilium.hr\/wp-content\/uploads\/2026\/02\/786765.jpeg\" title=\"786765\" width=\"225\" height=\"300\" src=\"https:\/\/mobilium.hr\/wp-content\/uploads\/2026\/02\/786765-225x300.jpeg\" data-src=\"https:\/\/mobilium.hr\/wp-content\/uploads\/2026\/02\/786765-225x300.jpeg\" data-caption=\"\" srcset=\"https:\/\/mobilium.hr\/wp-content\/uploads\/2026\/02\/786765.jpeg 1200w, https:\/\/mobilium.hr\/wp-content\/uploads\/2026\/02\/786765-225x300.jpeg 225w, https:\/\/mobilium.hr\/wp-content\/uploads\/2026\/02\/786765-768x1024.jpeg 768w, https:\/\/mobilium.hr\/wp-content\/uploads\/2026\/02\/786765-1152x1536.jpeg 1152w, https:\/\/mobilium.hr\/wp-content\/uploads\/2026\/02\/786765-300x400.jpeg 300w, https:\/\/mobilium.hr\/wp-content\/uploads\/2026\/02\/786765-600x800.jpeg 600w\" sizes=\"(max-width: 225px) 100vw, 225px\" \/>\n\t\t<div class=\"figc no-description\">\n\t\t\t<div class=\"figc-inner\">\n\t\t\t\t\t\t\t\t\t\t\t\t\t\t\t<\/div>\n\t\t<\/div>\n\n\t<\/div>\n\n<\/div><div class=\"modula-item effect-pufrobo\" >\n\t<div class=\"modula-item-overlay\"><\/div>\n\n\t<div class=\"modula-item-content\">\n\n\t\t\t\t\n\t\t\t\t\t<a data-image-id=\"2180\" role=\"button\" data-elementor-open-lightbox=\"no\" tabindex=\"0\" rel=\"jtg-2171\" data-caption=\"\" aria-label=\"Open image in lightbox\" class=\"tile-inner modula-item-link\"><\/a>\n\t\t\n\t\t<img loading=\"lazy\" decoding=\"async\" class=\"pic wp-image-2180\"  data-valign=\"middle\" data-halign=\"center\" alt=\"\" data-full=\"https:\/\/mobilium.hr\/wp-content\/uploads\/2026\/02\/jkzh.jpeg\" title=\"jkzh\" width=\"225\" height=\"300\" src=\"https:\/\/mobilium.hr\/wp-content\/uploads\/2026\/02\/jkzh-225x300.jpeg\" data-src=\"https:\/\/mobilium.hr\/wp-content\/uploads\/2026\/02\/jkzh-225x300.jpeg\" data-caption=\"\" srcset=\"https:\/\/mobilium.hr\/wp-content\/uploads\/2026\/02\/jkzh.jpeg 1200w, https:\/\/mobilium.hr\/wp-content\/uploads\/2026\/02\/jkzh-225x300.jpeg 225w, https:\/\/mobilium.hr\/wp-content\/uploads\/2026\/02\/jkzh-768x1024.jpeg 768w, https:\/\/mobilium.hr\/wp-content\/uploads\/2026\/02\/jkzh-1152x1536.jpeg 1152w, https:\/\/mobilium.hr\/wp-content\/uploads\/2026\/02\/jkzh-300x400.jpeg 300w, https:\/\/mobilium.hr\/wp-content\/uploads\/2026\/02\/jkzh-600x800.jpeg 600w\" sizes=\"(max-width: 225px) 100vw, 225px\" \/>\n\t\t<div class=\"figc no-description\">\n\t\t\t<div class=\"figc-inner\">\n\t\t\t\t\t\t\t\t\t\t\t\t\t\t\t<\/div>\n\t\t<\/div>\n\n\t<\/div>\n\n<\/div><div class=\"modula-item effect-pufrobo\" >\n\t<div class=\"modula-item-overlay\"><\/div>\n\n\t<div class=\"modula-item-content\">\n\n\t\t\t\t\n\t\t\t\t\t<a data-image-id=\"2181\" role=\"button\" data-elementor-open-lightbox=\"no\" tabindex=\"0\" rel=\"jtg-2171\" data-caption=\"\" aria-label=\"Open image in lightbox\" class=\"tile-inner modula-item-link\"><\/a>\n\t\t\n\t\t<img loading=\"lazy\" decoding=\"async\" class=\"pic wp-image-2181\"  data-valign=\"middle\" data-halign=\"center\" alt=\"\" data-full=\"https:\/\/mobilium.hr\/wp-content\/uploads\/2026\/02\/WhatsApp-Image-2026-02-13-at-20.56.40.jpeg\" title=\"WhatsApp Image 2026-02-13 at 20.56.40\" width=\"225\" height=\"300\" src=\"https:\/\/mobilium.hr\/wp-content\/uploads\/2026\/02\/WhatsApp-Image-2026-02-13-at-20.56.40-225x300.jpeg\" data-src=\"https:\/\/mobilium.hr\/wp-content\/uploads\/2026\/02\/WhatsApp-Image-2026-02-13-at-20.56.40-225x300.jpeg\" data-caption=\"\" srcset=\"https:\/\/mobilium.hr\/wp-content\/uploads\/2026\/02\/WhatsApp-Image-2026-02-13-at-20.56.40.jpeg 1200w, https:\/\/mobilium.hr\/wp-content\/uploads\/2026\/02\/WhatsApp-Image-2026-02-13-at-20.56.40-225x300.jpeg 225w, https:\/\/mobilium.hr\/wp-content\/uploads\/2026\/02\/WhatsApp-Image-2026-02-13-at-20.56.40-768x1024.jpeg 768w, https:\/\/mobilium.hr\/wp-content\/uploads\/2026\/02\/WhatsApp-Image-2026-02-13-at-20.56.40-1152x1536.jpeg 1152w, https:\/\/mobilium.hr\/wp-content\/uploads\/2026\/02\/WhatsApp-Image-2026-02-13-at-20.56.40-300x400.jpeg 300w, https:\/\/mobilium.hr\/wp-content\/uploads\/2026\/02\/WhatsApp-Image-2026-02-13-at-20.56.40-600x800.jpeg 600w\" sizes=\"(max-width: 225px) 100vw, 225px\" \/>\n\t\t<div class=\"figc no-description\">\n\t\t\t<div class=\"figc-inner\">\n\t\t\t\t\t\t\t\t\t\t\t\t\t\t\t<\/div>\n\t\t<\/div>\n\n\t<\/div>\n\n<\/div><div class=\"modula-item effect-pufrobo\" >\n\t<div class=\"modula-item-overlay\"><\/div>\n\n\t<div class=\"modula-item-content\">\n\n\t\t\t\t\n\t\t\t\t\t<a data-image-id=\"2182\" role=\"button\" data-elementor-open-lightbox=\"no\" tabindex=\"0\" rel=\"jtg-2171\" data-caption=\"\" aria-label=\"Open image in lightbox\" class=\"tile-inner modula-item-link\"><\/a>\n\t\t\n\t\t<img loading=\"lazy\" decoding=\"async\" class=\"pic wp-image-2182\"  data-valign=\"middle\" data-halign=\"center\" alt=\"\" data-full=\"https:\/\/mobilium.hr\/wp-content\/uploads\/2026\/02\/WhatsApp-Image-2026-02-13-at-21.27.54jkjk-1.jpeg\" title=\"WhatsApp Image 2026-02-13 at 21.27.54jkjk\" width=\"300\" height=\"225\" src=\"https:\/\/mobilium.hr\/wp-content\/uploads\/2026\/02\/WhatsApp-Image-2026-02-13-at-21.27.54jkjk-1-300x225.jpeg\" data-src=\"https:\/\/mobilium.hr\/wp-content\/uploads\/2026\/02\/WhatsApp-Image-2026-02-13-at-21.27.54jkjk-1-300x225.jpeg\" data-caption=\"\" srcset=\"https:\/\/mobilium.hr\/wp-content\/uploads\/2026\/02\/WhatsApp-Image-2026-02-13-at-21.27.54jkjk-1.jpeg 1600w, https:\/\/mobilium.hr\/wp-content\/uploads\/2026\/02\/WhatsApp-Image-2026-02-13-at-21.27.54jkjk-1-300x225.jpeg 300w, https:\/\/mobilium.hr\/wp-content\/uploads\/2026\/02\/WhatsApp-Image-2026-02-13-at-21.27.54jkjk-1-1024x768.jpeg 1024w, https:\/\/mobilium.hr\/wp-content\/uploads\/2026\/02\/WhatsApp-Image-2026-02-13-at-21.27.54jkjk-1-768x576.jpeg 768w, https:\/\/mobilium.hr\/wp-content\/uploads\/2026\/02\/WhatsApp-Image-2026-02-13-at-21.27.54jkjk-1-1536x1152.jpeg 1536w, https:\/\/mobilium.hr\/wp-content\/uploads\/2026\/02\/WhatsApp-Image-2026-02-13-at-21.27.54jkjk-1-600x450.jpeg 600w\" sizes=\"(max-width: 300px) 100vw, 300px\" \/>\n\t\t<div class=\"figc no-description\">\n\t\t\t<div class=\"figc-inner\">\n\t\t\t\t\t\t\t\t\t\t\t\t\t\t\t<\/div>\n\t\t<\/div>\n\n\t<\/div>\n\n<\/div><div class=\"modula-item effect-pufrobo\" >\n\t<div class=\"modula-item-overlay\"><\/div>\n\n\t<div class=\"modula-item-content\">\n\n\t\t\t\t\n\t\t\t\t\t<a data-image-id=\"2176\" role=\"button\" data-elementor-open-lightbox=\"no\" tabindex=\"0\" rel=\"jtg-2171\" data-caption=\"\" aria-label=\"Open image in lightbox\" class=\"tile-inner modula-item-link\"><\/a>\n\t\t\n\t\t<img loading=\"lazy\" decoding=\"async\" class=\"pic wp-image-2176\"  data-valign=\"middle\" data-halign=\"center\" alt=\"\" data-full=\"https:\/\/mobilium.hr\/wp-content\/uploads\/2026\/02\/686766.jpeg\" title=\"686766\" width=\"139\" height=\"300\" src=\"https:\/\/mobilium.hr\/wp-content\/uploads\/2026\/02\/686766-139x300.jpeg\" data-src=\"https:\/\/mobilium.hr\/wp-content\/uploads\/2026\/02\/686766-139x300.jpeg\" data-caption=\"\" srcset=\"https:\/\/mobilium.hr\/wp-content\/uploads\/2026\/02\/686766.jpeg 740w, https:\/\/mobilium.hr\/wp-content\/uploads\/2026\/02\/686766-139x300.jpeg 139w, https:\/\/mobilium.hr\/wp-content\/uploads\/2026\/02\/686766-474x1024.jpeg 474w, https:\/\/mobilium.hr\/wp-content\/uploads\/2026\/02\/686766-710x1536.jpeg 710w, https:\/\/mobilium.hr\/wp-content\/uploads\/2026\/02\/686766-300x649.jpeg 300w, https:\/\/mobilium.hr\/wp-content\/uploads\/2026\/02\/686766-600x1297.jpeg 600w\" sizes=\"(max-width: 139px) 100vw, 139px\" \/>\n\t\t<div class=\"figc no-description\">\n\t\t\t<div class=\"figc-inner\">\n\t\t\t\t\t\t\t\t\t\t\t\t\t\t\t<\/div>\n\t\t<\/div>\n\n\t<\/div>\n\n<\/div><div class=\"modula-item effect-pufrobo\" >\n\t<div class=\"modula-item-overlay\"><\/div>\n\n\t<div class=\"modula-item-content\">\n\n\t\t\t\t\n\t\t\t\t\t<a data-image-id=\"2183\" role=\"button\" data-elementor-open-lightbox=\"no\" tabindex=\"0\" rel=\"jtg-2171\" data-caption=\"\" aria-label=\"Open image in lightbox\" class=\"tile-inner modula-item-link\"><\/a>\n\t\t\n\t\t<img loading=\"lazy\" decoding=\"async\" class=\"pic wp-image-2183\"  data-valign=\"middle\" data-halign=\"center\" alt=\"\" data-full=\"https:\/\/mobilium.hr\/wp-content\/uploads\/2026\/02\/WhatsApp-Image-2026-02-13-at-21.35.23.jpeg\" title=\"WhatsApp Image 2026-02-13 at 21.35.23\" width=\"225\" height=\"300\" src=\"https:\/\/mobilium.hr\/wp-content\/uploads\/2026\/02\/WhatsApp-Image-2026-02-13-at-21.35.23-225x300.jpeg\" data-src=\"https:\/\/mobilium.hr\/wp-content\/uploads\/2026\/02\/WhatsApp-Image-2026-02-13-at-21.35.23-225x300.jpeg\" data-caption=\"\" srcset=\"https:\/\/mobilium.hr\/wp-content\/uploads\/2026\/02\/WhatsApp-Image-2026-02-13-at-21.35.23.jpeg 1200w, https:\/\/mobilium.hr\/wp-content\/uploads\/2026\/02\/WhatsApp-Image-2026-02-13-at-21.35.23-225x300.jpeg 225w, https:\/\/mobilium.hr\/wp-content\/uploads\/2026\/02\/WhatsApp-Image-2026-02-13-at-21.35.23-768x1024.jpeg 768w, https:\/\/mobilium.hr\/wp-content\/uploads\/2026\/02\/WhatsApp-Image-2026-02-13-at-21.35.23-1152x1536.jpeg 1152w, https:\/\/mobilium.hr\/wp-content\/uploads\/2026\/02\/WhatsApp-Image-2026-02-13-at-21.35.23-300x400.jpeg 300w, https:\/\/mobilium.hr\/wp-content\/uploads\/2026\/02\/WhatsApp-Image-2026-02-13-at-21.35.23-600x800.jpeg 600w\" sizes=\"(max-width: 225px) 100vw, 225px\" \/>\n\t\t<div class=\"figc no-description\">\n\t\t\t<div class=\"figc-inner\">\n\t\t\t\t\t\t\t\t\t\t\t\t\t\t\t<\/div>\n\t\t<\/div>\n\n\t<\/div>\n\n<\/div>\t\t\n\t<\/div>\n\n\t\n\t\n\t<script type=\"application\/ld+json\">\n\t{\n\t\t\"@context\": \"http:\/\/schema.org\",\n\t\t\"@type\"   : \"ImageGallery\",\n\t\t\"id\"      : \"https:\/\/mobilium.hr\/?page_id=2067\/\",\n\t\t\"url\"     : \"https:\/\/mobilium.hr\/?page_id=2067\/\"\n\t}\n\n\t<\/script>\n\n\t\n<\/div>\n<\/div>\n\t\t\t\t\t\t<\/div>\n\t\t\t\t\t<\/div>\n\t\t\t\t<\/div>\n\t\t<div class=\"elementor-element elementor-element-b00bbbf e-flex e-con-boxed e-con e-parent\" data-id=\"b00bbbf\" data-element_type=\"container\" data-e-type=\"container\">\n\t\t\t\t\t<div class=\"e-con-inner\">\n\t\t\t\t<div class=\"elementor-element elementor-element-d1e17d7 elementor-widget elementor-widget-heading\" data-id=\"d1e17d7\" data-element_type=\"widget\" data-e-type=\"widget\" data-widget_type=\"heading.default\">\n\t\t\t\t\t<h2 class=\"elementor-heading-title elementor-size-default\"><strong data-start=\"163\" data-end=\"235\">Vrijeme je da va\u0161 prostor dobije namje\u0161taj po mjeri kakav zaslu\u017euje.<\/strong><br data-start=\"235\" data-end=\"238\"><\/h2>\t\t\t\t<\/div>\n\t\t\t\t<div class=\"elementor-element elementor-element-e79885d elementor-widget elementor-widget-text-editor\" data-id=\"e79885d\" data-element_type=\"widget\" data-e-type=\"widget\" data-widget_type=\"text-editor.default\">\n\t\t\t\t\t\t\t\t\t<p data-start=\"163\" data-end=\"327\">Javite nam se i dogovorite besplatno savjetovanje, mjerenje i izradu ponude \u2013 bez obveze.<\/p>\t\t\t\t\t\t\t\t<\/div>\n\t\t\t\t<div class=\"elementor-element elementor-element-96be2b2 elementor-mobile-align-center elementor-align-center elementor-widget elementor-widget-button\" data-id=\"96be2b2\" data-element_type=\"widget\" data-e-type=\"widget\" data-widget_type=\"button.default\">\n\t\t\t\t\t\t\t\t\t\t<a class=\"elementor-button elementor-button-link elementor-size-lg\" href=\"https:\/\/mobilium.hr\/?page_id=1644\">\n\t\t\t\t\t\t<span class=\"elementor-button-content-wrapper\">\n\t\t\t\t\t\t\t\t\t<span class=\"elementor-button-text\">Zatra\u017eite ponudu po mjeri<\/span>\n\t\t\t\t\t<\/span>\n\t\t\t\t\t<\/a>\n\t\t\t\t\t\t\t\t<\/div>\n\t\t\t\t\t<\/div>\n\t\t\t\t<\/div>\n\t\t\t\t<\/div>\n\t\t","protected":false},"excerpt":{"rendered":"<p>Uredski namje\u0161taj po mjeri izra\u0111ujemo s fokusom na ergonomiju, organizaciju prostora i profesionalan izgled. Bilo da opremamo male urede ili ve\u0107e poslovne prostore, svaki element dizajniran je prema stvarnim potrebama korisnika. Kvalitetni materijali i precizna izrada osiguravaju dugotrajnost i ugodno radno okru\u017eenje. Prilago\u0111avamo se vizualnom identitetu tvrtke kako bi prostor ostavio sna\u017ean i ozbiljan dojam. [&hellip;]<\/p>\n","protected":false},"author":1,"featured_media":0,"parent":0,"menu_order":0,"comment_status":"closed","ping_status":"closed","template":"","meta":{"footnotes":""},"class_list":["post-2067","page","type-page","status-publish","hentry"],"blocksy_meta":[],"_links":{"self":[{"href":"https:\/\/mobilium.hr\/index.php?rest_route=\/wp\/v2\/pages\/2067","targetHints":{"allow":["GET"]}}],"collection":[{"href":"https:\/\/mobilium.hr\/index.php?rest_route=\/wp\/v2\/pages"}],"about":[{"href":"https:\/\/mobilium.hr\/index.php?rest_route=\/wp\/v2\/types\/page"}],"author":[{"embeddable":true,"href":"https:\/\/mobilium.hr\/index.php?rest_route=\/wp\/v2\/users\/1"}],"replies":[{"embeddable":true,"href":"https:\/\/mobilium.hr\/index.php?rest_route=%2Fwp%2Fv2%2Fcomments&post=2067"}],"version-history":[{"count":19,"href":"https:\/\/mobilium.hr\/index.php?rest_route=\/wp\/v2\/pages\/2067\/revisions"}],"predecessor-version":[{"id":2220,"href":"https:\/\/mobilium.hr\/index.php?rest_route=\/wp\/v2\/pages\/2067\/revisions\/2220"}],"wp:attachment":[{"href":"https:\/\/mobilium.hr\/index.php?rest_route=%2Fwp%2Fv2%2Fmedia&parent=2067"}],"curies":[{"name":"wp","href":"https:\/\/api.w.org\/{rel}","templated":true}]}}