{"id":1643,"date":"2021-12-21T09:46:38","date_gmt":"2021-12-21T09:46:38","guid":{"rendered":"https:\/\/startersites.io\/elementor\/homi\/?page_id=7"},"modified":"2026-02-23T20:33:35","modified_gmt":"2026-02-23T19:33:35","slug":"o-nama-mobilium-izrada-namjestaja-po-mjeri","status":"publish","type":"page","link":"https:\/\/mobilium.hr\/?page_id=1643","title":{"rendered":"O nama"},"content":{"rendered":"\t\t<div data-elementor-type=\"wp-page\" data-elementor-id=\"1643\" class=\"elementor elementor-1643\">\n\t\t\t\t<div class=\"elementor-element elementor-element-74803a8 e-con-full e-flex e-con e-parent\" data-id=\"74803a8\" data-element_type=\"container\" data-e-type=\"container\">\n\t\t\t\t<div class=\"elementor-element elementor-element-8130fd7 elementor-widget elementor-widget-image\" data-id=\"8130fd7\" data-element_type=\"widget\" data-e-type=\"widget\" data-settings=\"{&quot;_animation_mobile&quot;:&quot;zoomIn&quot;}\" data-widget_type=\"image.default\">\n\t\t\t\t\t\t\t\t\t\t\t\t\t\t\t<img fetchpriority=\"high\" decoding=\"async\" width=\"1500\" height=\"512\" src=\"https:\/\/mobilium.hr\/wp-content\/uploads\/2021\/04\/contact-hero-2@2x.jpg\" class=\"attachment-full size-full wp-image-507\" alt=\"\" srcset=\"https:\/\/mobilium.hr\/wp-content\/uploads\/2021\/04\/contact-hero-2@2x.jpg 1500w, https:\/\/mobilium.hr\/wp-content\/uploads\/2021\/04\/contact-hero-2@2x-600x205.jpg 600w, https:\/\/mobilium.hr\/wp-content\/uploads\/2021\/04\/contact-hero-2@2x-300x102.jpg 300w, https:\/\/mobilium.hr\/wp-content\/uploads\/2021\/04\/contact-hero-2@2x-1024x350.jpg 1024w, https:\/\/mobilium.hr\/wp-content\/uploads\/2021\/04\/contact-hero-2@2x-768x262.jpg 768w\" sizes=\"(max-width: 1500px) 100vw, 1500px\" \/>\t\t\t\t\t\t\t\t\t\t\t\t\t\t\t<\/div>\n\t\t\t\t<\/div>\n\t\t<div class=\"elementor-element elementor-element-b0fb68b e-flex e-con-boxed e-con e-parent\" data-id=\"b0fb68b\" data-element_type=\"container\" data-e-type=\"container\">\n\t\t\t\t\t<div class=\"e-con-inner\">\n\t\t\t\t<div class=\"elementor-element elementor-element-bd0229d elementor-widget elementor-widget-heading\" data-id=\"bd0229d\" data-element_type=\"widget\" data-e-type=\"widget\" data-widget_type=\"heading.default\">\n\t\t\t\t\t<h2 class=\"elementor-heading-title elementor-size-default\">Mobilium \u2013 Strast i kvaliteta u namje\u0161taju po mjeri<\/h2>\t\t\t\t<\/div>\n\t\t\t\t<div class=\"elementor-element elementor-element-d6eafb8 elementor-hidden-tablet elementor-hidden-mobile elementor-widget elementor-widget-heading\" data-id=\"d6eafb8\" data-element_type=\"widget\" data-e-type=\"widget\" data-widget_type=\"heading.default\">\n\t\t\t\t\t<h5 class=\"elementor-heading-title elementor-size-default\">Izrada i monta\u017ea kuhinja, ormara, komoda, kupaonskog i uredskog namje\u0161taja po mjeri u Osijeku i cijeloj Hrvatskoj.<\/h5>\t\t\t\t<\/div>\n\t\t<div class=\"elementor-element elementor-element-7590a9f e-grid e-con-full e-con e-child\" data-id=\"7590a9f\" data-element_type=\"container\" data-e-type=\"container\">\n\t\t\t\t<div class=\"elementor-element elementor-element-bbc2b69 elementor-invisible elementor-widget elementor-widget-text-editor\" data-id=\"bbc2b69\" data-element_type=\"widget\" data-e-type=\"widget\" data-settings=\"{&quot;_animation&quot;:&quot;fadeInLeft&quot;}\" data-widget_type=\"text-editor.default\">\n\t\t\t\t\t\t\t\t\t<p data-start=\"153\" data-end=\"522\"><strong data-start=\"153\" data-end=\"194\">Mobilium<\/strong> je obrt specijaliziran za izradu i monta\u017eu namje\u0161taja po mjeri, sa sjedi\u0161tem u Osijeku i klijentima diljem Hrvatske. S dugogodi\u0161njim iskustvom pru\u017eamo cjelovita rje\u0161enja za ure\u0111enje domova i poslovnih prostora, od kuhinja, ormara i komoda do kupaonskog i uredskog namje\u0161taja, prilago\u0111enih svakom prostoru i na\u010dinu kori\u0161tenja.<\/p><p data-start=\"524\" data-end=\"910\">U svom radu sura\u0111ujemo s <strong data-start=\"549\" data-end=\"626\">provjerenim i renomiranim hrvatskim proizvo\u0111a\u010dima namje\u0161taja i materijala<\/strong>, \u0161to nam omogu\u0107uje visoku razinu kvalitete, pouzdane rokove i dugotrajna rje\u0161enja. Na\u0161 tim kombinira stru\u010dnost, suvremene tehnologije izrade i kvalitetne materijale s posebnom pa\u017enjom prema svakom detalju, stvaraju\u0107i funkcionalne, estetski uskla\u0111ene i dugotrajne komade namje\u0161taja.<\/p><p data-start=\"912\" data-end=\"1536\">U procesu rada naglasak stavljamo na precizno mjerenje, pa\u017eljivo planiranje i izradu 3D vizualizacija koje klijentima omogu\u0107uju jasan uvid u kona\u010dan izgled prije same izrade. Svaki projekt pristupamo individualno, u bliskoj suradnji s klijentima, kako bismo u potpunosti razumjeli njihove \u017eelje, potrebe i stil \u017eivota. Profesionalna monta\u017ea i zavr\u0161na obrada osiguravaju visoku razinu kvalitete i dugotrajnost svakog projekta, uz po\u0161tivanje dogovorenih rokova i dogovorenog bud\u017eeta. Na\u0161 cilj je stvarati prostore koji su funk<\/p>\t\t\t\t\t\t\t\t<\/div>\n\t\t\t\t<div class=\"elementor-element elementor-element-4171ccc elementor-invisible elementor-widget elementor-widget-image\" data-id=\"4171ccc\" data-element_type=\"widget\" data-e-type=\"widget\" data-settings=\"{&quot;_animation&quot;:&quot;fadeInRight&quot;}\" data-widget_type=\"image.default\">\n\t\t\t\t\t\t\t\t\t\t\t\t\t\t\t<img decoding=\"async\" width=\"820\" height=\"680\" src=\"https:\/\/mobilium.hr\/wp-content\/uploads\/2021\/04\/table-3@2x.jpg\" class=\"attachment-large size-large wp-image-597\" alt=\"\" srcset=\"https:\/\/mobilium.hr\/wp-content\/uploads\/2021\/04\/table-3@2x.jpg 820w, https:\/\/mobilium.hr\/wp-content\/uploads\/2021\/04\/table-3@2x-600x498.jpg 600w, https:\/\/mobilium.hr\/wp-content\/uploads\/2021\/04\/table-3@2x-300x249.jpg 300w, https:\/\/mobilium.hr\/wp-content\/uploads\/2021\/04\/table-3@2x-768x637.jpg 768w\" sizes=\"(max-width: 820px) 100vw, 820px\" \/>\t\t\t\t\t\t\t\t\t\t\t\t\t\t\t<\/div>\n\t\t\t\t<\/div>\n\t\t\t\t\t<\/div>\n\t\t\t\t<\/div>\n\t\t<div class=\"elementor-element elementor-element-ae3b4a9 e-flex e-con-boxed e-con e-parent\" data-id=\"ae3b4a9\" data-element_type=\"container\" data-e-type=\"container\">\n\t\t\t\t\t<div class=\"e-con-inner\">\n\t\t\t\t<div class=\"elementor-element elementor-element-cb3121f elementor-widget-divider--view-line_icon elementor-view-default elementor-widget-divider--element-align-center elementor-widget elementor-widget-divider\" data-id=\"cb3121f\" data-element_type=\"widget\" data-e-type=\"widget\" data-widget_type=\"divider.default\">\n\t\t\t\t\t\t\t<div class=\"elementor-divider\">\n\t\t\t<span class=\"elementor-divider-separator\">\n\t\t\t\t\t\t\t<div class=\"elementor-icon elementor-divider__element\">\n\t\t\t\t\t<svg aria-hidden=\"true\" class=\"e-font-icon-svg e-fas-chair\" viewBox=\"0 0 448 512\" xmlns=\"http:\/\/www.w3.org\/2000\/svg\"><path d=\"M112 128c0-29.5 16.2-55 40-68.9V256h48V48h48v208h48V59.1c23.8 13.9 40 39.4 40 68.9v128h48V128C384 57.3 326.7 0 256 0h-64C121.3 0 64 57.3 64 128v128h48zm334.3 213.9l-10.7-32c-4.4-13.1-16.6-21.9-30.4-21.9H42.7c-13.8 0-26 8.8-30.4 21.9l-10.7 32C-5.2 362.6 10.2 384 32 384v112c0 8.8 7.2 16 16 16h32c8.8 0 16-7.2 16-16V384h256v112c0 8.8 7.2 16 16 16h32c8.8 0 16-7.2 16-16V384c21.8 0 37.2-21.4 30.3-42.1z\"><\/path><\/svg><\/div>\n\t\t\t\t\t\t<\/span>\n\t\t<\/div>\n\t\t\t\t\t\t<\/div>\n\t\t\t\t\t<\/div>\n\t\t\t\t<\/div>\n\t\t<div class=\"elementor-element elementor-element-bb117ca e-flex e-con-boxed e-con e-parent\" data-id=\"bb117ca\" data-element_type=\"container\" data-e-type=\"container\">\n\t\t\t\t\t<div class=\"e-con-inner\">\n\t\t\t\t<div class=\"elementor-element elementor-element-4061b8d elementor-widget elementor-widget-heading\" data-id=\"4061b8d\" data-element_type=\"widget\" data-e-type=\"widget\" data-widget_type=\"heading.default\">\n\t\t\t\t\t<h2 class=\"elementor-heading-title elementor-size-default\">Na\u0161a pri\u010da<\/h2>\t\t\t\t<\/div>\n\t\t\t\t\t<\/div>\n\t\t\t\t<\/div>\n\t\t<div class=\"elementor-element elementor-element-09ba5f2 e-flex e-con-boxed e-con e-parent\" data-id=\"09ba5f2\" data-element_type=\"container\" data-e-type=\"container\">\n\t\t\t\t\t<div class=\"e-con-inner\">\n\t\t<div class=\"elementor-element elementor-element-5fb8ac9 e-con-full e-flex e-con e-child\" data-id=\"5fb8ac9\" data-element_type=\"container\" data-e-type=\"container\">\n\t\t\t\t<div class=\"elementor-element elementor-element-fc2c920 elementor-invisible elementor-widget elementor-widget-image\" data-id=\"fc2c920\" data-element_type=\"widget\" data-e-type=\"widget\" data-settings=\"{&quot;_animation&quot;:&quot;fadeInLeft&quot;}\" data-widget_type=\"image.default\">\n\t\t\t\t\t\t\t\t\t\t\t\t\t\t\t<img decoding=\"async\" width=\"1340\" height=\"1000\" src=\"https:\/\/mobilium.hr\/wp-content\/uploads\/2021\/04\/img-about-cta@2x.jpg\" class=\"attachment-full size-full wp-image-181\" alt=\"\" srcset=\"https:\/\/mobilium.hr\/wp-content\/uploads\/2021\/04\/img-about-cta@2x.jpg 1340w, https:\/\/mobilium.hr\/wp-content\/uploads\/2021\/04\/img-about-cta@2x-600x448.jpg 600w, https:\/\/mobilium.hr\/wp-content\/uploads\/2021\/04\/img-about-cta@2x-300x224.jpg 300w, https:\/\/mobilium.hr\/wp-content\/uploads\/2021\/04\/img-about-cta@2x-1024x764.jpg 1024w, https:\/\/mobilium.hr\/wp-content\/uploads\/2021\/04\/img-about-cta@2x-768x573.jpg 768w\" sizes=\"(max-width: 1340px) 100vw, 1340px\" \/>\t\t\t\t\t\t\t\t\t\t\t\t\t\t\t<\/div>\n\t\t\t\t<\/div>\n\t\t<div class=\"elementor-element elementor-element-656625c e-con-full e-flex elementor-invisible e-con e-child\" data-id=\"656625c\" data-element_type=\"container\" data-e-type=\"container\" data-settings=\"{&quot;animation&quot;:&quot;fadeInRight&quot;}\">\n\t\t\t\t<div class=\"elementor-element elementor-element-f96e0ee elementor-widget elementor-widget-text-editor\" data-id=\"f96e0ee\" data-element_type=\"widget\" data-e-type=\"widget\" data-widget_type=\"text-editor.default\">\n\t\t\t\t\t\t\t\t\t<p data-start=\"202\" data-end=\"495\">Sve je po\u010delo s vizijom stvaranja namje\u0161taja koji nije samo funkcionalan, ve\u0107 i estetski savr\u0161en i prilago\u0111en svakom prostoru. <strong data-start=\"329\" data-end=\"370\"><span class=\"hover:entity-accent entity-underline inline cursor-pointer align-baseline\"><span class=\"whitespace-normal\">Mobilium<\/span><\/span><\/strong> je osnovan kako bi spojio strast prema stolariji, dugogodi\u0161nje iskustvo i vrhunsku kvalitetu materijala u svakom projektu.<\/p><p data-start=\"497\" data-end=\"870\">Od prvih kuhinja i ormara za lokalne klijente, kroz godine smo razvili \u0161irok spektar usluga \u2013 od komoda, kupaonskog i uredskog namje\u0161taja do kompletnog ure\u0111enja interijera. Svaki projekt za nas je poseban: kombiniramo precizno mjerenje, detaljan dizajn, 3D vizualizacije i profesionalnu monta\u017eu, kako bismo osigurali da rezultat bude savr\u0161en spoj funkcionalnosti i stila.<\/p><p data-start=\"872\" data-end=\"1181\">Na\u0161a misija je ostala ista od prvog dana \u2013 pru\u017eiti <strong data-start=\"923\" data-end=\"994\">namje\u0161taj po mjeri koji klijentu olak\u0161ava \u017eivot i uljep\u0161ava prostor<\/strong>, uz po\u0161tovanje rokova, bud\u017eeta i najvi\u0161ih standarda kvalitete. Rad s klijentima iz Osijeka i cijele Hrvatske nas je nau\u010dio da su detalji i personalizirani pristup klju\u010d svakog uspjeha.<\/p>\t\t\t\t\t\t\t\t<\/div>\n\t\t\t\t<div class=\"elementor-element elementor-element-539fe3c elementor-mobile-align-center elementor-tablet-align-center elementor-widget elementor-widget-button\" data-id=\"539fe3c\" data-element_type=\"widget\" data-e-type=\"widget\" data-widget_type=\"button.default\">\n\t\t\t\t\t\t\t\t\t\t<a class=\"elementor-button elementor-button-link elementor-size-lg\" href=\"https:\/\/mobilium.hr\/?page_id=1644\">\n\t\t\t\t\t\t<span class=\"elementor-button-content-wrapper\">\n\t\t\t\t\t\t\t\t\t<span class=\"elementor-button-text\">Kontaktirajte nas<\/span>\n\t\t\t\t\t<\/span>\n\t\t\t\t\t<\/a>\n\t\t\t\t\t\t\t\t<\/div>\n\t\t\t\t<\/div>\n\t\t\t\t\t<\/div>\n\t\t\t\t<\/div>\n\t\t<div class=\"elementor-element elementor-element-e2a9d70 e-flex e-con-boxed e-con e-parent\" data-id=\"e2a9d70\" data-element_type=\"container\" data-e-type=\"container\">\n\t\t\t\t\t<div class=\"e-con-inner\">\n\t\t\t\t<div class=\"elementor-element elementor-element-3dc50dc elementor-widget elementor-widget-heading\" data-id=\"3dc50dc\" data-element_type=\"widget\" data-e-type=\"widget\" data-widget_type=\"heading.default\">\n\t\t\t\t\t<h2 class=\"elementor-heading-title elementor-size-default\">Iskustva na\u0161ih klijenata<\/h2>\t\t\t\t<\/div>\n\t\t\t\t<div class=\"elementor-element elementor-element-dbe47f1 elementor-widget elementor-widget-text-editor\" data-id=\"dbe47f1\" data-element_type=\"widget\" data-e-type=\"widget\" data-widget_type=\"text-editor.default\">\n\t\t\t\t\t\t\t\t\t<p data-start=\"262\" data-end=\"286\"><em data-start=\"262\" data-end=\"286\">Povjerenje i kvaliteta<\/em><\/p>\t\t\t\t\t\t\t\t<\/div>\n\t\t<div class=\"elementor-element elementor-element-5a3b8e8 e-grid e-con-full e-con e-child\" data-id=\"5a3b8e8\" data-element_type=\"container\" data-e-type=\"container\">\n\t\t<div class=\"elementor-element elementor-element-c3d2f77 e-con-full e-flex e-con e-child\" data-id=\"c3d2f77\" data-element_type=\"container\" data-e-type=\"container\" data-settings=\"{&quot;background_background&quot;:&quot;classic&quot;}\">\n\t\t\t\t<div class=\"elementor-element elementor-element-a202cef elementor-widget elementor-widget-text-editor\" data-id=\"a202cef\" data-element_type=\"widget\" data-e-type=\"widget\" data-widget_type=\"text-editor.default\">\n\t\t\t\t\t\t\t\t\t<p data-start=\"404\" data-end=\"657\"><em data-start=\"430\" data-end=\"657\">Radili su nam ugradbene ormare i komode po mjeri. Od prvog dolaska na mjerenje do zavr\u0161ne monta\u017ee sve je bilo profesionalno. To\u010dni, korektni i vrlo precizni u izvedbi. Preporuka svakome tko \u017eeli kvalitetan namje\u0161taj po mjeri.<\/em><\/p>\t\t\t\t\t\t\t\t<\/div>\n\t\t\t\t<div class=\"elementor-element elementor-element-0796f69 elementor-widget elementor-widget-heading\" data-id=\"0796f69\" data-element_type=\"widget\" data-e-type=\"widget\" data-widget_type=\"heading.default\">\n\t\t\t\t\t<h5 class=\"elementor-heading-title elementor-size-default\">Ivan Kova\u010devi\u0107\n<\/h5>\t\t\t\t<\/div>\n\t\t\t\t<\/div>\n\t\t<div class=\"elementor-element elementor-element-bd1f074 e-con-full e-flex e-con e-child\" data-id=\"bd1f074\" data-element_type=\"container\" data-e-type=\"container\" data-settings=\"{&quot;background_background&quot;:&quot;classic&quot;}\">\n\t\t\t\t<div class=\"elementor-element elementor-element-654735f elementor-widget elementor-widget-text-editor\" data-id=\"654735f\" data-element_type=\"widget\" data-e-type=\"widget\" data-widget_type=\"text-editor.default\">\n\t\t\t\t\t\t\t\t\t<p><em>Mobilium nam je radio kuhinju po mjeri i stvarno smo prezadovoljni. Sve je dogovoreno unaprijed, 3D prikaz je bio to\u010dan, a monta\u017ea brza i \u010dista. Kvaliteta izrade je na visokoj razini i vidi se da znaju \u0161to rade.<\/em><\/p>\t\t\t\t\t\t\t\t<\/div>\n\t\t\t\t<div class=\"elementor-element elementor-element-e75766a elementor-widget elementor-widget-heading\" data-id=\"e75766a\" data-element_type=\"widget\" data-e-type=\"widget\" data-widget_type=\"heading.default\">\n\t\t\t\t\t<h5 class=\"elementor-heading-title elementor-size-default\">Tomislav Bla\u017eevi\u0107<\/h5>\t\t\t\t<\/div>\n\t\t\t\t<\/div>\n\t\t<div class=\"elementor-element elementor-element-60d0cdf e-con-full e-flex e-con e-child\" data-id=\"60d0cdf\" data-element_type=\"container\" data-e-type=\"container\" data-settings=\"{&quot;background_background&quot;:&quot;classic&quot;}\">\n\t\t\t\t<div class=\"elementor-element elementor-element-e5beb62 elementor-widget elementor-widget-text-editor\" data-id=\"e5beb62\" data-element_type=\"widget\" data-e-type=\"widget\" data-widget_type=\"text-editor.default\">\n\t\t\t\t\t\t\t\t\t<p><em>Jako sam zadovoljna kupaonskim namje\u0161tajem po mjeri. Pomogli su mi oko dizajna i izbora materijala, a krajnji rezultat izgleda jo\u0161 bolje nego na 3D prikazu. Profesionalni, uredni i pouzdani.<\/em><\/p>\t\t\t\t\t\t\t\t<\/div>\n\t\t\t\t<div class=\"elementor-element elementor-element-8d11266 elementor-widget elementor-widget-heading\" data-id=\"8d11266\" data-element_type=\"widget\" data-e-type=\"widget\" data-widget_type=\"heading.default\">\n\t\t\t\t\t<h5 class=\"elementor-heading-title elementor-size-default\">Ana Petrovi\u0107<\/h5>\t\t\t\t<\/div>\n\t\t\t\t<\/div>\n\t\t\t\t<\/div>\n\t\t\t\t\t<\/div>\n\t\t\t\t<\/div>\n\t\t\t\t<\/div>\n\t\t","protected":false},"excerpt":{"rendered":"<p>Mobilium \u2013 Strast i kvaliteta u namje\u0161taju po mjeri Izrada i monta\u017ea kuhinja, ormara, komoda, kupaonskog i uredskog namje\u0161taja po mjeri u Osijeku i cijeloj Hrvatskoj. Mobilium je obrt specijaliziran za izradu i monta\u017eu namje\u0161taja po mjeri, sa sjedi\u0161tem u Osijeku i klijentima diljem Hrvatske. S dugogodi\u0161njim iskustvom pru\u017eamo cjelovita rje\u0161enja za ure\u0111enje domova i [&hellip;]<\/p>\n","protected":false},"author":1,"featured_media":0,"parent":0,"menu_order":0,"comment_status":"closed","ping_status":"closed","template":"","meta":{"footnotes":""},"class_list":["post-1643","page","type-page","status-publish","hentry"],"blocksy_meta":{"styles_descriptor":{"styles":{"desktop":"","tablet":"","mobile":""},"google_fonts":[],"version":6}},"_links":{"self":[{"href":"https:\/\/mobilium.hr\/index.php?rest_route=\/wp\/v2\/pages\/1643","targetHints":{"allow":["GET"]}}],"collection":[{"href":"https:\/\/mobilium.hr\/index.php?rest_route=\/wp\/v2\/pages"}],"about":[{"href":"https:\/\/mobilium.hr\/index.php?rest_route=\/wp\/v2\/types\/page"}],"author":[{"embeddable":true,"href":"https:\/\/mobilium.hr\/index.php?rest_route=\/wp\/v2\/users\/1"}],"replies":[{"embeddable":true,"href":"https:\/\/mobilium.hr\/index.php?rest_route=%2Fwp%2Fv2%2Fcomments&post=1643"}],"version-history":[{"count":81,"href":"https:\/\/mobilium.hr\/index.php?rest_route=\/wp\/v2\/pages\/1643\/revisions"}],"predecessor-version":[{"id":2281,"href":"https:\/\/mobilium.hr\/index.php?rest_route=\/wp\/v2\/pages\/1643\/revisions\/2281"}],"wp:attachment":[{"href":"https:\/\/mobilium.hr\/index.php?rest_route=%2Fwp%2Fv2%2Fmedia&parent=1643"}],"curies":[{"name":"wp","href":"https:\/\/api.w.org\/{rel}","templated":true}]}}